{"id":38,"date":"2025-09-28T15:33:56","date_gmt":"2025-09-28T20:33:56","guid":{"rendered":"https:\/\/hotelcasagrandetibirita.housedev.co\/index.php\/about-us\/"},"modified":"2025-11-27T21:29:21","modified_gmt":"2025-11-28T02:29:21","slug":"about-us","status":"publish","type":"page","link":"https:\/\/hotelcasagrandetibirita.com\/index.php\/about-us\/","title":{"rendered":"Quienes Somos"},"content":{"rendered":"\n<p>En el Hotel Casa Grande Tibirita no solo hospedamos viajeros, recibimos amigos que buscan descanso, naturaleza y una experiencia genuina en el coraz\u00f3n del altiplano cundiboyacense. Somos una familia apasionada por el servicio, convencida de que el bienestar se siente en los peque\u00f1os detalles: habitaciones c\u00e1lidas y c\u00f3modas, atenci\u00f3n cercana y personalizada, y el privilegio de despertar cada d\u00eda rodeado de monta\u00f1as, aire puro y la serenidad del campo.<\/p>\n\n\n\n<p class=\"has-text-align-left\">Nuestro hotel est\u00e1 ubicado a tan solo 200 metros del parque principal de Tibirita, permitiendo f\u00e1cil acceso al ambiente tradicional y la tranquilidad del pueblo. Cada espacio fue creado para transmitir paz, seguridad y comodidad, ya sea est\u00e9s buscando un lugar para desconectarte del ritmo acelerado de la ciudad o para compartir momentos inolvidables con tus seres queridos.<\/p>\n\n\n\n<p class=\"has-text-align-left\">Creemos en la hospitalidad aut\u00e9ntica y en la conexi\u00f3n humana: aqu\u00ed te sentir\u00e1s en casa, disfrutar\u00e1s de zonas verdes, vistas encantadoras y todo el calor de una atenci\u00f3n dedicada. En Casa Grande, los hu\u00e9spedes se convierten en parte de una comunidad que valora la tranquilidad, la naturaleza y el trato cercano.<\/p>\n\n\n\n<p class=\"has-text-align-left\">Ven y vive una experiencia acogedora, aut\u00e9ntica y memorable. \u00a1Casa Grande Tibirita es tu refugio lejos de casa!<\/p>\n\n\n\n<div class=\"wp-block-uagb-container uagb-block-2ecdae65 alignfull uagb-is-root-container\"><div class=\"uagb-container-inner-blocks-wrap\">\n<div class=\"wp-block-uagb-container uagb-block-22033400\">\n<div class=\"wp-block-uagb-slider uagb-block-19cbe5c7 uagb-slider-container\"><div class=\"uagb-slides uagb-swiper\"><div class=\"swiper-wrapper\">\n<div class=\"wp-block-uagb-slider-child uagb-slider-child-wrap swiper-slide uagb-block-45830f78\"><div class=\"swiper-content\">\n<figure class=\"wp-block-gallery has-nested-images columns-default is-cropped wp-block-gallery-1 is-layout-flex wp-block-gallery-is-layout-flex\">\n<figure class=\"wp-block-image size-large\"><img loading=\"lazy\" decoding=\"async\" width=\"1600\" height=\"900\" data-id=\"233\" src=\"https:\/\/hotelcasagrandetibirita.housedev.co\/wp-content\/uploads\/2025\/11\/WhatsApp-Image-2025-09-19-at-09.13.24-2-edited.jpeg\" alt=\"\" class=\"wp-image-233\" srcset=\"https:\/\/hotelcasagrandetibirita.com\/wp-content\/uploads\/2025\/11\/WhatsApp-Image-2025-09-19-at-09.13.24-2-edited.jpeg 1600w, https:\/\/hotelcasagrandetibirita.com\/wp-content\/uploads\/2025\/11\/WhatsApp-Image-2025-09-19-at-09.13.24-2-edited-300x169.jpeg 300w, https:\/\/hotelcasagrandetibirita.com\/wp-content\/uploads\/2025\/11\/WhatsApp-Image-2025-09-19-at-09.13.24-2-edited-1024x576.jpeg 1024w, https:\/\/hotelcasagrandetibirita.com\/wp-content\/uploads\/2025\/11\/WhatsApp-Image-2025-09-19-at-09.13.24-2-edited-768x432.jpeg 768w, https:\/\/hotelcasagrandetibirita.com\/wp-content\/uploads\/2025\/11\/WhatsApp-Image-2025-09-19-at-09.13.24-2-edited-1536x864.jpeg 1536w\" sizes=\"auto, (max-width: 1600px) 100vw, 1600px\" \/><\/figure>\n<\/figure>\n<\/div><\/div>\n\n\n\n<div class=\"wp-block-uagb-slider-child uagb-slider-child-wrap swiper-slide uagb-block-6289f75e\"><div class=\"swiper-content\">\n<figure class=\"wp-block-gallery has-nested-images columns-default is-cropped wp-block-gallery-2 is-layout-flex wp-block-gallery-is-layout-flex\">\n<figure class=\"wp-block-image size-large\"><img loading=\"lazy\" decoding=\"async\" width=\"1024\" height=\"461\" data-id=\"91\" src=\"https:\/\/hotelcasagrandetibirita.housedev.co\/wp-content\/uploads\/2025\/10\/WhatsApp-Image-2025-10-14-at-12.09.18-1024x461.jpeg\" alt=\"\" class=\"wp-image-91\" srcset=\"https:\/\/hotelcasagrandetibirita.com\/wp-content\/uploads\/2025\/10\/WhatsApp-Image-2025-10-14-at-12.09.18-1024x461.jpeg 1024w, https:\/\/hotelcasagrandetibirita.com\/wp-content\/uploads\/2025\/10\/WhatsApp-Image-2025-10-14-at-12.09.18-300x135.jpeg 300w, https:\/\/hotelcasagrandetibirita.com\/wp-content\/uploads\/2025\/10\/WhatsApp-Image-2025-10-14-at-12.09.18-768x346.jpeg 768w, https:\/\/hotelcasagrandetibirita.com\/wp-content\/uploads\/2025\/10\/WhatsApp-Image-2025-10-14-at-12.09.18.jpeg 1280w\" sizes=\"auto, (max-width: 1024px) 100vw, 1024px\" \/><\/figure>\n<\/figure>\n<\/div><\/div>\n\n\n\n<div class=\"wp-block-uagb-slider-child uagb-slider-child-wrap swiper-slide uagb-block-cf814aa9\"><div class=\"swiper-content\">\n<figure class=\"wp-block-gallery has-nested-images columns-default is-cropped wp-block-gallery-3 is-layout-flex wp-block-gallery-is-layout-flex\">\n<figure class=\"wp-block-image size-large\"><img loading=\"lazy\" decoding=\"async\" width=\"1024\" height=\"461\" data-id=\"147\" src=\"https:\/\/hotelcasagrandetibirita.housedev.co\/wp-content\/uploads\/2025\/10\/WhatsApp-Image-2025-10-14-at-12.09.19-4-1024x461.jpeg\" alt=\"\" class=\"wp-image-147\" srcset=\"https:\/\/hotelcasagrandetibirita.com\/wp-content\/uploads\/2025\/10\/WhatsApp-Image-2025-10-14-at-12.09.19-4-1024x461.jpeg 1024w, https:\/\/hotelcasagrandetibirita.com\/wp-content\/uploads\/2025\/10\/WhatsApp-Image-2025-10-14-at-12.09.19-4-300x135.jpeg 300w, https:\/\/hotelcasagrandetibirita.com\/wp-content\/uploads\/2025\/10\/WhatsApp-Image-2025-10-14-at-12.09.19-4-768x346.jpeg 768w, https:\/\/hotelcasagrandetibirita.com\/wp-content\/uploads\/2025\/10\/WhatsApp-Image-2025-10-14-at-12.09.19-4.jpeg 1280w\" sizes=\"auto, (max-width: 1024px) 100vw, 1024px\" \/><\/figure>\n<\/figure>\n<\/div><\/div>\n\n\n\n<div class=\"wp-block-uagb-slider-child uagb-slider-child-wrap swiper-slide uagb-block-69774a9c\"><div class=\"swiper-content\">\n<figure class=\"wp-block-gallery has-nested-images columns-default is-cropped wp-block-gallery-4 is-layout-flex wp-block-gallery-is-layout-flex\">\n<figure class=\"wp-block-image size-large\"><img loading=\"lazy\" decoding=\"async\" width=\"1024\" height=\"461\" data-id=\"134\" src=\"https:\/\/hotelcasagrandetibirita.housedev.co\/wp-content\/uploads\/2025\/10\/WhatsApp-Image-2025-10-14-at-12.09.21-6-1024x461.jpeg\" alt=\"\" class=\"wp-image-134\" srcset=\"https:\/\/hotelcasagrandetibirita.com\/wp-content\/uploads\/2025\/10\/WhatsApp-Image-2025-10-14-at-12.09.21-6-1024x461.jpeg 1024w, https:\/\/hotelcasagrandetibirita.com\/wp-content\/uploads\/2025\/10\/WhatsApp-Image-2025-10-14-at-12.09.21-6-300x135.jpeg 300w, https:\/\/hotelcasagrandetibirita.com\/wp-content\/uploads\/2025\/10\/WhatsApp-Image-2025-10-14-at-12.09.21-6-768x346.jpeg 768w, https:\/\/hotelcasagrandetibirita.com\/wp-content\/uploads\/2025\/10\/WhatsApp-Image-2025-10-14-at-12.09.21-6.jpeg 1280w\" sizes=\"auto, (max-width: 1024px) 100vw, 1024px\" \/><\/figure>\n<\/figure>\n<\/div><\/div>\n\n\n\n<div class=\"wp-block-uagb-slider-child uagb-slider-child-wrap swiper-slide uagb-block-d1036a0a\"><div class=\"swiper-content\">\n<figure class=\"wp-block-gallery has-nested-images columns-default is-cropped wp-block-gallery-5 is-layout-flex wp-block-gallery-is-layout-flex\">\n<figure class=\"wp-block-image size-large is-style-default\"><img loading=\"lazy\" decoding=\"async\" width=\"1024\" height=\"461\" data-id=\"157\" src=\"https:\/\/hotelcasagrandetibirita.housedev.co\/wp-content\/uploads\/2025\/10\/WhatsApp-Image-2025-10-14-at-12.09.17-2-1-1024x461.jpeg\" alt=\"\" class=\"wp-image-157\" srcset=\"https:\/\/hotelcasagrandetibirita.com\/wp-content\/uploads\/2025\/10\/WhatsApp-Image-2025-10-14-at-12.09.17-2-1-1024x461.jpeg 1024w, https:\/\/hotelcasagrandetibirita.com\/wp-content\/uploads\/2025\/10\/WhatsApp-Image-2025-10-14-at-12.09.17-2-1-300x135.jpeg 300w, https:\/\/hotelcasagrandetibirita.com\/wp-content\/uploads\/2025\/10\/WhatsApp-Image-2025-10-14-at-12.09.17-2-1-768x346.jpeg 768w, https:\/\/hotelcasagrandetibirita.com\/wp-content\/uploads\/2025\/10\/WhatsApp-Image-2025-10-14-at-12.09.17-2-1.jpeg 1280w\" sizes=\"auto, (max-width: 1024px) 100vw, 1024px\" \/><\/figure>\n<\/figure>\n<\/div><\/div>\n\n\n\n<div class=\"wp-block-uagb-slider-child uagb-slider-child-wrap swiper-slide uagb-block-cd4723a0\"><div class=\"swiper-content\">\n<figure class=\"wp-block-gallery has-nested-images columns-default is-cropped wp-block-gallery-6 is-layout-flex wp-block-gallery-is-layout-flex\">\n<figure class=\"wp-block-image size-large is-style-default\"><img loading=\"lazy\" decoding=\"async\" width=\"1024\" height=\"576\" data-id=\"174\" src=\"https:\/\/hotelcasagrandetibirita.housedev.co\/wp-content\/uploads\/2025\/09\/WhatsApp-Image-2025-10-10-at-5.32.23-PM-1024x576.jpeg\" alt=\"\" class=\"wp-image-174\" srcset=\"https:\/\/hotelcasagrandetibirita.com\/wp-content\/uploads\/2025\/09\/WhatsApp-Image-2025-10-10-at-5.32.23-PM-1024x576.jpeg 1024w, https:\/\/hotelcasagrandetibirita.com\/wp-content\/uploads\/2025\/09\/WhatsApp-Image-2025-10-10-at-5.32.23-PM-300x169.jpeg 300w, https:\/\/hotelcasagrandetibirita.com\/wp-content\/uploads\/2025\/09\/WhatsApp-Image-2025-10-10-at-5.32.23-PM-768x432.jpeg 768w, https:\/\/hotelcasagrandetibirita.com\/wp-content\/uploads\/2025\/09\/WhatsApp-Image-2025-10-10-at-5.32.23-PM-1536x864.jpeg 1536w, https:\/\/hotelcasagrandetibirita.com\/wp-content\/uploads\/2025\/09\/WhatsApp-Image-2025-10-10-at-5.32.23-PM.jpeg 1600w\" sizes=\"auto, (max-width: 1024px) 100vw, 1024px\" \/><\/figure>\n<\/figure>\n<\/div><\/div>\n\n\n\n<div class=\"wp-block-uagb-slider-child uagb-slider-child-wrap swiper-slide uagb-block-e4fccef6\"><div class=\"swiper-content\">\n<figure class=\"wp-block-gallery has-nested-images columns-default is-cropped wp-block-gallery-7 is-layout-flex wp-block-gallery-is-layout-flex\">\n<figure class=\"wp-block-image size-large is-style-default\"><img loading=\"lazy\" decoding=\"async\" width=\"1024\" height=\"461\" data-id=\"123\" src=\"https:\/\/hotelcasagrandetibirita.housedev.co\/wp-content\/uploads\/2025\/09\/WhatsApp-Image-2025-10-14-at-12.09.22-1-1024x461.jpeg\" alt=\"\" class=\"wp-image-123\" srcset=\"https:\/\/hotelcasagrandetibirita.com\/wp-content\/uploads\/2025\/09\/WhatsApp-Image-2025-10-14-at-12.09.22-1-1024x461.jpeg 1024w, https:\/\/hotelcasagrandetibirita.com\/wp-content\/uploads\/2025\/09\/WhatsApp-Image-2025-10-14-at-12.09.22-1-300x135.jpeg 300w, https:\/\/hotelcasagrandetibirita.com\/wp-content\/uploads\/2025\/09\/WhatsApp-Image-2025-10-14-at-12.09.22-1-768x346.jpeg 768w, https:\/\/hotelcasagrandetibirita.com\/wp-content\/uploads\/2025\/09\/WhatsApp-Image-2025-10-14-at-12.09.22-1.jpeg 1280w\" sizes=\"auto, (max-width: 1024px) 100vw, 1024px\" \/><\/figure>\n<\/figure>\n<\/div><\/div>\n<\/div><\/div><div class=\"swiper-pagination\"><\/div><div class=\"swiper-button-prev\"><\/div><div class=\"swiper-button-next\"><\/div><\/div>\n<\/div>\n<\/div><\/div>\n","protected":false},"excerpt":{"rendered":"<p>En el Hotel Casa Grande Tibirita no solo hospedamos viajeros, recibimos amigos que buscan descanso, naturaleza y una experiencia genuina [&hellip;]<\/p>\n","protected":false},"author":1,"featured_media":0,"parent":0,"menu_order":0,"comment_status":"closed","ping_status":"closed","template":"","meta":{"_uag_custom_page_level_css":"","site-sidebar-layout":"default","site-content-layout":"","ast-site-content-layout":"default","site-content-style":"default","site-sidebar-style":"default","ast-global-header-display":"","ast-banner-title-visibility":"","ast-main-header-display":"","ast-hfb-above-header-display":"","ast-hfb-below-header-display":"","ast-hfb-mobile-header-display":"","site-post-title":"","ast-breadcrumbs-content":"","ast-featured-img":"","footer-sml-layout":"","theme-transparent-header-meta":"","adv-header-id-meta":"","stick-header-meta":"","header-above-stick-meta":"","header-main-stick-meta":"","header-below-stick-meta":"","astra-migrate-meta-layouts":"default","ast-page-background-enabled":"default","ast-page-background-meta":{"desktop":{"background-color":"var(--ast-global-color-5)","background-image":"","background-repeat":"repeat","background-position":"center center","background-size":"auto","background-attachment":"scroll","background-type":"","background-media":"","overlay-type":"","overlay-color":"","overlay-opacity":"","overlay-gradient":""},"tablet":{"background-color":"","background-image":"","background-repeat":"repeat","background-position":"center center","background-size":"auto","background-attachment":"scroll","background-type":"","background-media":"","overlay-type":"","overlay-color":"","overlay-opacity":"","overlay-gradient":""},"mobile":{"background-color":"","background-image":"","background-repeat":"repeat","background-position":"center center","background-size":"auto","background-attachment":"scroll","background-type":"","background-media":"","overlay-type":"","overlay-color":"","overlay-opacity":"","overlay-gradient":""}},"ast-content-background-meta":{"desktop":{"background-color":"var(--ast-global-color-4)","background-image":"","background-repeat":"repeat","background-position":"center center","background-size":"auto","background-attachment":"scroll","background-type":"","background-media":"","overlay-type":"","overlay-color":"","overlay-opacity":"","overlay-gradient":""},"tablet":{"background-color":"var(--ast-global-color-4)","background-image":"","background-repeat":"repeat","background-position":"center center","background-size":"auto","background-attachment":"scroll","background-type":"","background-media":"","overlay-type":"","overlay-color":"","overlay-opacity":"","overlay-gradient":""},"mobile":{"background-color":"var(--ast-global-color-4)","background-image":"","background-repeat":"repeat","background-position":"center center","background-size":"auto","background-attachment":"scroll","background-type":"","background-media":"","overlay-type":"","overlay-color":"","overlay-opacity":"","overlay-gradient":""}},"footnotes":""},"class_list":["post-38","page","type-page","status-publish","hentry"],"uagb_featured_image_src":{"full":false,"thumbnail":false,"medium":false,"medium_large":false,"large":false,"1536x1536":false,"2048x2048":false},"uagb_author_info":{"display_name":"hotelcasagrandetibirita","author_link":"https:\/\/hotelcasagrandetibirita.com\/index.php\/author\/hotelcasagrandetibirita\/"},"uagb_comment_info":0,"uagb_excerpt":"En el Hotel Casa Grande Tibirita no solo hospedamos viajeros, recibimos amigos que buscan descanso, naturaleza y una experiencia genuina [&hellip;]","_links":{"self":[{"href":"https:\/\/hotelcasagrandetibirita.com\/index.php\/wp-json\/wp\/v2\/pages\/38","targetHints":{"allow":["GET"]}}],"collection":[{"href":"https:\/\/hotelcasagrandetibirita.com\/index.php\/wp-json\/wp\/v2\/pages"}],"about":[{"href":"https:\/\/hotelcasagrandetibirita.com\/index.php\/wp-json\/wp\/v2\/types\/page"}],"author":[{"embeddable":true,"href":"https:\/\/hotelcasagrandetibirita.com\/index.php\/wp-json\/wp\/v2\/users\/1"}],"replies":[{"embeddable":true,"href":"https:\/\/hotelcasagrandetibirita.com\/index.php\/wp-json\/wp\/v2\/comments?post=38"}],"version-history":[{"count":16,"href":"https:\/\/hotelcasagrandetibirita.com\/index.php\/wp-json\/wp\/v2\/pages\/38\/revisions"}],"predecessor-version":[{"id":250,"href":"https:\/\/hotelcasagrandetibirita.com\/index.php\/wp-json\/wp\/v2\/pages\/38\/revisions\/250"}],"wp:attachment":[{"href":"https:\/\/hotelcasagrandetibirita.com\/index.php\/wp-json\/wp\/v2\/media?parent=38"}],"curies":[{"name":"wp","href":"https:\/\/api.w.org\/{rel}","templated":true}]}}